{"id":4485,"date":"2024-09-21T08:35:06","date_gmt":"2024-09-21T07:35:06","guid":{"rendered":"https:\/\/fcr1899.com\/politique-de-confidentialite\/"},"modified":"2025-02-11T14:13:02","modified_gmt":"2025-02-11T13:13:02","slug":"politique-de-confidentialite","status":"publish","type":"page","link":"https:\/\/fcr1899.com\/tr\/politique-de-confidentialite\/","title":{"rendered":"Politique de confidentialit\u00e9"},"content":{"rendered":"<h1><\/h1>\n<h1>Yasal Uyar\u0131 ve Gizlilik Politikas\u0131 &#8211; FCR1899<\/h1>\n<p>&nbsp;<\/p>\n<h2>Yasal Uyar\u0131<\/h2>\n<p>Web sitesi <a href=\"www.fcr1899.com\">www.fcr1899.com<\/a>, merkezi <a href=\"#\">177 Boulevard de l&#8217;Yser &#8211; 76000 ROUEN<\/a> adresinde bulunan Football Club de Rouen 1899 taraf\u0131ndan yay\u0131nlanmaktad\u0131r.<\/p>\n<p>Yay\u0131n direkt\u00f6r\u00fc Bay Iwan Postel&#8217;dir.<\/p>\n<p>Web sitesi <a href=\"www.fcr1899.com\">www.fcr1899.com<\/a> \u00fczerindeki t\u00fcm i\u00e7erikler (g\u00f6rseller, logolar, metinler, videolar vb.), y\u00fcr\u00fcrl\u00fckteki Frans\u0131z ve uluslararas\u0131 fikri m\u00fclkiyet yasalar\u0131na (telif hakk\u0131, marka haklar\u0131, veritaban\u0131 haklar\u0131 vb.) tabidir. Web sitesi <a href=\"www.fcr1899.com\">www.fcr1899.com<\/a>&#8216;un herhangi bir yolla, tamamen veya k\u0131smen, \u00e7o\u011falt\u0131lmas\u0131 veya temsil edilmesi yaln\u0131zca kesinlikle \u00f6zel kullan\u0131m i\u00e7in izinlidir.<\/p>\n<p>Herhangi bir ba\u015fka kullan\u0131m, Football Club de Rouen 1899&#8217;dan \u00f6nceden ve a\u00e7\u0131k\u00e7a izin al\u0131nmad\u0131k\u00e7a yasakt\u0131r ve Frans\u0131z Fikri M\u00fclkiyet Kanunu&#8217;nun L. 335-2 ve devam\u0131 maddeleri uyar\u0131nca cezaland\u0131r\u0131lan bir ihlal te\u015fkil eder.<\/p>\n<p>Football Club de Rouen 1899&#8217;un markalar\u0131 ve <a href=\"www.fcr1899.com\">www.fcr1899.com<\/a> web sitesinde g\u00f6r\u00fcnen logolar, Ulusal End\u00fcstriyel M\u00fclkiyet Enstit\u00fcs\u00fc&#8217;nde tescilli markalard\u0131r. Bu markalar\u0131n veya logolar\u0131n, Football Club de Rouen 1899&#8217;un a\u00e7\u0131k izni olmaks\u0131z\u0131n, sitenin unsurlar\u0131ndan yap\u0131lacak her t\u00fcrl\u00fc tam veya k\u0131smi \u00e7o\u011falt\u0131lmas\u0131, Frans\u0131z Fikri M\u00fclkiyet Kanunu&#8217;nun L 713-2 ve devam\u0131 maddeleri anlam\u0131nda yasakt\u0131r.<\/p>\n<p>Ayr\u0131ca, Football Club de Rouen 1899, yay\u0131nc\u0131s\u0131 olmad\u0131\u011f\u0131 sitelerin i\u00e7eri\u011finden sorumluluk kabul etmez.<\/p>\n<p>Web sitesi <a href=\"www.fcr1899.com\">www.fcr1899.com<\/a>, ABD merkezli bir web ajans\u0131 olan <a href=\"https:\/\/bytesigma.com\/\">ByteSigma<\/a> taraf\u0131ndan tasarlanm\u0131\u015f ve geli\u015ftirilmi\u015ftir.<\/p>\n<p>&nbsp;<\/p>\n<h2>Gizlilik Politikas\u0131<\/h2>\n<p>&nbsp;<\/p>\n<p>Son g\u00fcncelleme: 10 \u015eubat 2025<\/p>\n<p>FCR1899&#8217;a ho\u015f geldiniz! Gizlili\u011finizi korumay\u0131 ve verilerinizi nas\u0131l i\u015fledi\u011fimiz konusunda \u015feffaf olmay\u0131 taahh\u00fct ediyoruz. Bu gizlilik politikas\u0131, web sitemiz, mobil uygulamalar\u0131m\u0131z (iOS ve Android) ve ilgili hizmetlerimiz i\u00e7in ge\u00e7erlidir.<\/p>\n<h3>1. Toplad\u0131\u011f\u0131m\u0131z Bilgiler<\/h3>\n<ul>\n<li><strong>Ki\u015fisel Bilgiler:<\/strong> \u0130sim, e-posta, telefon numaras\u0131, teslimat ve fatura adresleri.<\/li>\n<li><strong>\u00d6deme Bilgileri:<\/strong> \u00dc\u00e7\u00fcnc\u00fc taraf sa\u011flay\u0131c\u0131lar taraf\u0131ndan g\u00fcvenli bir \u015fekilde i\u015flenir.<\/li>\n<li><strong>Kullan\u0131m Verileri:<\/strong> Cihaz bilgileri, gezinme ge\u00e7mi\u015fi ve hizmetlerimizle etkile\u015fimler.<\/li>\n<li><strong>\u00c7erezler ve \u0130zleme Teknolojileri:<\/strong> Kullan\u0131c\u0131 deneyimini geli\u015ftirmek ve web sitesi trafi\u011fini analiz etmek i\u00e7in kullan\u0131l\u0131r.<\/li>\n<\/ul>\n<h3>2. Bilgilerinizi Nas\u0131l Kullan\u0131yoruz<\/h3>\n<ul>\n<li>Sipari\u015fleri i\u015flemek ve \u00fcr\u00fcnleri teslim etmek i\u00e7in.<\/li>\n<li>Web sitemizi ve mobil uygulamalar\u0131m\u0131z\u0131 iyile\u015ftirmek i\u00e7in.<\/li>\n<li>Al\u0131\u015fveri\u015f deneyiminizi ki\u015fiselle\u015ftirmek i\u00e7in.<\/li>\n<li>Doland\u0131r\u0131c\u0131l\u0131\u011f\u0131 \u00f6nlemek ve g\u00fcvenli\u011fi sa\u011flamak i\u00e7in.<\/li>\n<li>Yasal y\u00fck\u00fcml\u00fcl\u00fcklere uymak i\u00e7in.<\/li>\n<\/ul>\n<h3>3. Bilgi Payla\u015f\u0131m\u0131<\/h3>\n<p>Ki\u015fisel verilerinizi satm\u0131yor veya kiralam\u0131yoruz. \u015eu ki\u015filerle payla\u015fabiliriz:<\/p>\n<ul>\n<li>G\u00fcvenilir \u00fc\u00e7\u00fcnc\u00fc taraf sa\u011flay\u0131c\u0131lar (\u00f6r. \u00f6deme i\u015flemcileri, teslimat \u015firketleri).<\/li>\n<li>Yasa taraf\u0131ndan gerekli g\u00f6r\u00fclmesi halinde yasal yetkililer.<\/li>\n<\/ul>\n<h3>4. Veri G\u00fcvenli\u011fi<\/h3>\n<p>Verilerinizi korumak i\u00e7in end\u00fcstri standard\u0131 g\u00fcvenlik \u00f6nlemleri uyguluyoruz. Ancak, hi\u00e7bir internet iletimi tamamen g\u00fcvenli de\u011fildir.<\/p>\n<h3>5. Haklar\u0131n\u0131z<\/h3>\n<p>Ki\u015fisel verilerinize eri\u015fme, d\u00fczeltme veya silme hakk\u0131na sahipsiniz. Ayr\u0131ca \u00e7erez tercihlerinizi y\u00f6netebilirsiniz.<\/p>\n<h3>6. \u0130leti\u015fim Bilgileri<\/h3>\n<p>Bu gizlilik politikas\u0131yla ilgili herhangi bir sorunuz varsa, l\u00fctfen bizimle ileti\u015fime ge\u00e7in:<\/p>\n<div class=\"contact-info\">\n<p>E-posta: <a href=\"mailto:boutique@fcr1899.com\">boutique@fcr1899.com<\/a><\/p>\n<\/div>\n<p>&nbsp;<\/p>\n","protected":false},"excerpt":{"rendered":"<p>Yasal Uyar\u0131 ve Gizlilik Politikas\u0131 &#8211; FCR1899 &nbsp; Yasal Uyar\u0131 Web sitesi www.fcr1899.com, merkezi 177 Boulevard de l&#8217;Yser &#8211; 76000 ROUEN adresinde bulunan Football Club de Rouen 1899 taraf\u0131ndan yay\u0131nlanmaktad\u0131r. Yay\u0131n direkt\u00f6r\u00fc Bay Iwan Postel&#8217;dir. Web sitesi www.fcr1899.com \u00fczerindeki t\u00fcm i\u00e7erikler (g\u00f6rseller, logolar, metinler, videolar vb.), y\u00fcr\u00fcrl\u00fckteki Frans\u0131z ve uluslararas\u0131 fikri m\u00fclkiyet yasalar\u0131na (telif hakk\u0131, [&hellip;]<\/p>\n","protected":false},"author":1,"featured_media":0,"parent":0,"menu_order":0,"comment_status":"closed","ping_status":"closed","template":"","meta":{"_acf_changed":false,"footnotes":""},"class_list":["post-4485","page","type-page","status-publish","hentry"],"acf":[],"_links":{"self":[{"href":"https:\/\/fcr1899.com\/tr\/wp-json\/wp\/v2\/pages\/4485","targetHints":{"allow":["GET"]}}],"collection":[{"href":"https:\/\/fcr1899.com\/tr\/wp-json\/wp\/v2\/pages"}],"about":[{"href":"https:\/\/fcr1899.com\/tr\/wp-json\/wp\/v2\/types\/page"}],"author":[{"embeddable":true,"href":"https:\/\/fcr1899.com\/tr\/wp-json\/wp\/v2\/users\/1"}],"replies":[{"embeddable":true,"href":"https:\/\/fcr1899.com\/tr\/wp-json\/wp\/v2\/comments?post=4485"}],"version-history":[{"count":8,"href":"https:\/\/fcr1899.com\/tr\/wp-json\/wp\/v2\/pages\/4485\/revisions"}],"predecessor-version":[{"id":10941,"href":"https:\/\/fcr1899.com\/tr\/wp-json\/wp\/v2\/pages\/4485\/revisions\/10941"}],"wp:attachment":[{"href":"https:\/\/fcr1899.com\/tr\/wp-json\/wp\/v2\/media?parent=4485"}],"curies":[{"name":"wp","href":"https:\/\/api.w.org\/{rel}","templated":true}]}}